

{"id":6720,"date":"2026-05-14T15:01:09","date_gmt":"2026-05-14T19:01:09","guid":{"rendered":"https:\/\/riouxrh.ca\/recruitment-talent-acquisition\/"},"modified":"2026-05-14T15:32:19","modified_gmt":"2026-05-14T19:32:19","slug":"recruitment-talent-acquisition","status":"publish","type":"page","link":"https:\/\/riouxrh.ca\/en\/recruitment-talent-acquisition\/","title":{"rendered":"Recruitment &#038; talent acquisition"},"content":{"rendered":"<div  class=\"tatsu-fqoynchppa7zqgf4 tatsu-section  tatsu-bg-overlay   tatsu-clearfix\" data-title=\"\"  data-headerscheme=\"background--dark\"><div class='tatsu-section-pad clearfix' data-padding='{\"d\":\"200px 0px 200px 0px\"}' data-padding-top='200px'><\/div><div class=\"tatsu-section-background-wrap\"><div class = \"tatsu-section-background\" ><\/div><\/div><div class=\"tatsu-overlay tatsu-section-overlay\"><\/div><style>.tatsu-fqoynchppa7zqgf4 .tatsu-section-background{background-image: url(https:\/\/riouxrh.ca\/wp-content\/uploads\/2023\/04\/RiouxRH_bureau-1.jpg);background-repeat: no-repeat;background-attachment: scroll;background-position: center center;background-size: cover;}.tatsu-fqoynchppa7zqgf4 .tatsu-bg-blur{background-repeat: no-repeat;background-attachment: scroll;background-position: center center;background-size: cover;}.tatsu-fqoynchppa7zqgf4 .tatsu-section-pad{padding: 200px 0px 200px 0px;}.tatsu-fqoynchppa7zqgf4 > .tatsu-bottom-divider{z-index: 9999;}.tatsu-fqoynchppa7zqgf4 > .tatsu-top-divider{z-index: 9999;}.tatsu-fqoynchppa7zqgf4 .tatsu-section-overlay{background: rgba(0,0,0,0);mix-blend-mode: normal;}@media only screen and (min-width:768px) and (max-width: 1024px) {.tatsu-fqoynchppa7zqgf4 .tatsu-section-background{background-position: center right;}.tatsu-fqoynchppa7zqgf4 .tatsu-bg-blur{background-position: center right;}}@media only screen and (max-width: 767px) {.tatsu-fqoynchppa7zqgf4 .tatsu-section-background{background-position: center right;}.tatsu-fqoynchppa7zqgf4 .tatsu-bg-blur{background-position: center right;}}<\/style><\/div><div  class=\"tatsu-HJWdWRgl8Zx tatsu-section  tatsu-bg-overlay   tatsu-clearfix\" data-title=\"\"  data-headerscheme=\"background--dark\"><div class='tatsu-section-pad clearfix' data-padding='{\"d\":\"90px 0px 52px 0px\"}' data-padding-top='90px'><div class=\"tatsu-row-wrap  tatsu-wrap tatsu-row-one-col tatsu-row-has-one-cols tatsu-medium-gutter tatsu-reg-cols  tatsu-clearfix tatsu-HkgdZRlxLZg\" ><div  class=\"tatsu-row \" ><div  class=\"tatsu-column  tatsu-bg-overlay tatsu-one-col tatsu-column-image-none tatsu-column-effect-none  tatsu-BJdbAllLbe\"  data-parallax-speed=\"0\" style=\"\"><div class=\"tatsu-column-inner \" ><div class=\"tatsu-column-pad-wrap\"><div class=\"tatsu-column-pad\" ><div  class=\"tatsu-module tatsu-text-block-wrap tatsu-BkqkF8_oZe  \"><div class=\"tatsu-text-inner tatsu-align-center  clearfix\" ><style>.tatsu-BkqkF8_oZe.tatsu-text-block-wrap .tatsu-text-inner{width: 100%;text-align: left;}<\/style>\n<h1 style=\"text-align: center;\"><span style=\"font-size: 36pt; color: #000000;\">Recruitment &#038; talent acquisition<\/span><\/h1>\n<p>\n<\/div><\/div><div  class=\"tatsu-module tatsu-text-block-wrap tatsu-SycmGwujWe  \"><div class=\"tatsu-text-inner tatsu-align-center  clearfix\" ><style>.tatsu-SycmGwujWe.tatsu-text-block-wrap .tatsu-text-inner{width: 100%;text-align: left;}<\/style>\n<p style=\"text-align: center;\"><span style=\"font-size: 14pt; color: #000000;\">Attracting the right talent isn&#8217;t just about posting a job listing. It takes time and effort\u2014with a clear employer brand, a well-crafted candidate experience, and a strategy that goes far beyond one-off hiring. <\/span><\/p>\n<p>\n<\/div><\/div><div  class=\"tatsu-module tatsu-text-block-wrap tatsu-S1cbCxeI-x  \"><div class=\"tatsu-text-inner tatsu-align-center  clearfix\" ><style>.tatsu-S1cbCxeI-x.tatsu-text-block-wrap .tatsu-text-inner{width: 86%;text-align: left;}<\/style><\/div><\/div><\/div><\/div><div class = \"tatsu-column-bg-image-wrap\"><div class = \"tatsu-column-bg-image\" ><\/div><\/div><div class=\"tatsu-overlay tatsu-column-overlay tatsu-animate-none\" ><\/div><\/div><style>.tatsu-row > .tatsu-BJdbAllLbe.tatsu-column{width: 100%;}.tatsu-BJdbAllLbe.tatsu-column > .tatsu-column-inner > .tatsu-column-overlay{mix-blend-mode: normal;}.tatsu-BJdbAllLbe > .tatsu-column-inner > .tatsu-top-divider{z-index: 9999;}.tatsu-BJdbAllLbe > .tatsu-column-inner > .tatsu-bottom-divider{z-index: 9999;}.tatsu-BJdbAllLbe > .tatsu-column-inner > .tatsu-left-divider{z-index: 9999;}.tatsu-BJdbAllLbe > .tatsu-column-inner > .tatsu-right-divider{z-index: 9999;}@media only screen and (max-width:1377px) {.tatsu-row > .tatsu-BJdbAllLbe.tatsu-column{width: 100%;}}@media only screen and (min-width:768px) and (max-width: 1024px) {.tatsu-row > .tatsu-BJdbAllLbe.tatsu-column{width: 100%;}}@media only screen and (max-width: 767px) {.tatsu-row > .tatsu-BJdbAllLbe.tatsu-column{width: 100%;}}<\/style><\/div><\/div><\/div><\/div><div class=\"tatsu-section-background-wrap\"><div class = \"tatsu-section-background\" ><\/div><\/div><div class=\"tatsu-overlay tatsu-section-overlay\"><\/div><style>.tatsu-HJWdWRgl8Zx.tatsu-section{background-color: rgba(255,255,255,1);}.tatsu-HJWdWRgl8Zx .tatsu-section-pad{padding: 90px 0px 52px 0px;}.tatsu-HJWdWRgl8Zx .tatsu-section-offset-wrap{transform: translateY(-0px);}.tatsu-HJWdWRgl8Zx > .tatsu-bottom-divider{z-index: 9999;}.tatsu-HJWdWRgl8Zx > .tatsu-top-divider{z-index: 9999;}.tatsu-HJWdWRgl8Zx .tatsu-section-overlay{mix-blend-mode: normal;}<\/style><\/div><div  class=\"tatsu-SkWg4W4NiZl tatsu-section  tatsu-bg-overlay   tatsu-clearfix\" data-title=\"\"  data-headerscheme=\"background--dark\"><div class='tatsu-section-pad clearfix' data-padding='{\"d\":\"90px 0px 90px 0px\"}' data-padding-top='90px'><div class=\"tatsu-row-wrap  tatsu-wrap tatsu-row-has-one-half tatsu-row-has-two-cols tatsu-medium-gutter tatsu-reg-cols  tatsu-clearfix tatsu-H1lg4bENi-l\" ><div  class=\"tatsu-row \" ><div  class=\"tatsu-column  tatsu-bg-overlay tatsu-one-half tatsu-column-image-none tatsu-column-effect-none  tatsu-rJjv-4Eibg\"  data-parallax-speed=\"0\" style=\"\"><div class=\"tatsu-column-inner \" ><div class=\"tatsu-column-pad-wrap\"><div class=\"tatsu-column-pad\" ><div  class=\"tatsu-module tatsu-text-block-wrap tatsu-rJMFZVEoWx  \"><div class=\"tatsu-text-inner tatsu-align-center  clearfix\" ><style>.tatsu-rJMFZVEoWx.tatsu-text-block-wrap .tatsu-text-inner{width: 100%;text-align: left;}.tatsu-rJMFZVEoWx.tatsu-text-block-wrap{margin: 50px 0px 50px 0px;}.tatsu-rJMFZVEoWx.tatsu-text-block-wrap .tatsu-text-inner *{text-transform : none;line-height : 30px;letter-spacing : 0px;}<\/style>\n<p><span style=\"color: #000000;\"><span style=\"font-size: 32px;\">HR support<\/span><\/span><\/p>\n<p>\n<\/div><\/div><div  class=\"tatsu-module tatsu-normal-button tatsu-button-wrap   tatsu-ryfPED_s-l   \"><a class=\"tatsu-shortcode mediumbtn tatsu-button left-icon    bg-animation-none  \" href=\"https:\/\/agence-riouxrh.zohobookings.com\/#\/agencerioux\" style= \"\"  aria-label=\"Parler avec un.e consultant.e\" data-gdpr-atts={} >Parler avec un.e consultant.e<\/a><style>.tatsu-ryfPED_s-l .tatsu-button{background-color: rgba(236,175,59,1);color: rgba(0,0,0,1) ;}.tatsu-ryfPED_s-l .tatsu-button:hover{background-color: rgba(79,117,139,1);color: rgba(255,255,255,1) ;}<\/style><\/div><\/div><\/div><div class = \"tatsu-column-bg-image-wrap\"><div class = \"tatsu-column-bg-image\" ><\/div><\/div><div class=\"tatsu-overlay tatsu-column-overlay tatsu-animate-none\" ><\/div><\/div><style>.tatsu-row > .tatsu-rJjv-4Eibg.tatsu-column{width: 38.4%;}.tatsu-rJjv-4Eibg.tatsu-column > .tatsu-column-inner > .tatsu-column-overlay{mix-blend-mode: normal;}.tatsu-rJjv-4Eibg > .tatsu-column-inner > .tatsu-top-divider{z-index: 9999;}.tatsu-rJjv-4Eibg > .tatsu-column-inner > .tatsu-bottom-divider{z-index: 9999;}.tatsu-rJjv-4Eibg > .tatsu-column-inner > .tatsu-left-divider{z-index: 9999;}.tatsu-rJjv-4Eibg > .tatsu-column-inner > .tatsu-right-divider{z-index: 9999;}@media only screen and (max-width:1377px) {.tatsu-row > .tatsu-rJjv-4Eibg.tatsu-column{width: 50%;}}@media only screen and (min-width:768px) and (max-width: 1024px) {.tatsu-row > .tatsu-rJjv-4Eibg.tatsu-column{width: 50%;}}@media only screen and (max-width: 767px) {.tatsu-row > .tatsu-rJjv-4Eibg.tatsu-column{width: 100%;}}<\/style><\/div><div  class=\"tatsu-column  tatsu-bg-overlay tatsu-one-half tatsu-column-image-none tatsu-column-effect-none  tatsu-r1eovZV4j-e\"  data-parallax-speed=\"0\" style=\"\"><div class=\"tatsu-column-inner \" ><div class=\"tatsu-column-pad-wrap\"><div class=\"tatsu-column-pad\" ><div  class=\"tatsu-module tatsu-text-block-wrap tatsu-HJiO-NNiZx  \"><div class=\"tatsu-text-inner tatsu-align-center  clearfix\" ><style>.tatsu-HJiO-NNiZx.tatsu-text-block-wrap .tatsu-text-inner{width: 100%;text-align: left;}.tatsu-HJiO-NNiZx.tatsu-text-block-wrap{margin: 0px 0px 0px 0px;}<\/style>\n<h2><strong><span style=\"font-size: 24pt;\">Recruitment &#038; talent acquisition<\/span><\/strong><\/h2>\n<p>\n<\/div><\/div><div  class=\"tatsu-module tatsu-text-block-wrap tatsu-SJCTW4EjWl  \"><div class=\"tatsu-text-inner tatsu-align-center  clearfix\" ><style>.tatsu-SJCTW4EjWl.tatsu-text-block-wrap .tatsu-text-inner{width: 100%;text-align: left;}<\/style>\n<div class=\"tatsu-column-pad-wrap\">\n<div class=\"tatsu-column-pad\">\n<div class=\"tatsu-module tatsu-inline-text clearfix tatsu-HyVBHq2Uxye \">\n<div class=\"tatsu-inline-text-inner tatsu-align-center\">\n<p class=\"font-claude-response-body break-words whitespace-normal leading-&#091;1.7&#093;\"><span style=\"color: #000000; font-size: 14pt;\">Looking to expand your team? We handle the entire recruitment process\u2014from developing a talent acquisition strategy and screening candidates to conducting preliminary interviews and facilitating meetings between you and the shortlisted candidates. We take a personalized approach to find the right candidates, at the right time, for the right team.  <\/span><\/p>\n<\/div>\n<\/div>\n<\/div>\n<\/div>\n<p>\n<\/div><\/div><div  class=\"tatsu-module tatsu-divider-wrap  tatsu-HkD1vtsAbx   \"  ><style>.tatsu-HkD1vtsAbx .tatsu-divider{height: 1px;width: 100%;background: rgba(0,0,0,1);}.tatsu-HkD1vtsAbx.tatsu-divider-wrap{text-align: left;}<\/style><hr class=\"tatsu-divider\"\/><\/div><div  class=\"tatsu-module tatsu-text-block-wrap tatsu-ryH_0PXJfl  \"><div class=\"tatsu-text-inner tatsu-align-center  clearfix\" ><style>.tatsu-ryH_0PXJfl.tatsu-text-block-wrap .tatsu-text-inner{width: 100%;text-align: left;}.tatsu-ryH_0PXJfl.tatsu-text-block-wrap{margin: 0px 0px 0px 0px;}<\/style>\n<h2><strong><span style=\"font-size: 24pt;\">Integration Plan<\/span><\/strong><\/h2>\n<p>\n<\/div><\/div><div  class=\"tatsu-module tatsu-text-block-wrap tatsu-BkLOCwQyzl  \"><div class=\"tatsu-text-inner tatsu-align-center  clearfix\" ><style>.tatsu-BkLOCwQyzl.tatsu-text-block-wrap .tatsu-text-inner{width: 100%;text-align: left;}<\/style>\n<p><span style=\"font-size: 14pt; color: #000000;\">We help you design a clear and personalized onboarding process so that your new hires can get up to speed faster, feel at home from the start, and be motivated to commit to the company for the long term.<\/span><\/p>\n<p>\n<\/div><\/div><div  class=\"tatsu-module tatsu-divider-wrap  tatsu-HyqdAvQyfl   \"  ><style>.tatsu-HyqdAvQyfl .tatsu-divider{height: 1px;width: 100%;background: rgba(0,0,0,1);}.tatsu-HyqdAvQyfl.tatsu-divider-wrap{text-align: left;}<\/style><hr class=\"tatsu-divider\"\/><\/div><div  class=\"tatsu-module tatsu-text-block-wrap tatsu-rynjUKjAbg  \"><div class=\"tatsu-text-inner tatsu-align-center  clearfix\" ><style>.tatsu-rynjUKjAbg.tatsu-text-block-wrap .tatsu-text-inner{width: 100%;text-align: left;}.tatsu-rynjUKjAbg.tatsu-text-block-wrap{margin: 0px 0px 0px 0px;}<\/style>\n<h2><strong><span style=\"font-size: 24pt;\"><span style=\"color: #000000;\">Retention Plan<\/span><\/span><\/strong><\/h2>\n<p>\n<\/div><\/div><div  class=\"tatsu-module tatsu-text-block-wrap tatsu-rkFJwYoCbl  \"><div class=\"tatsu-text-inner tatsu-align-center  clearfix\" ><style>.tatsu-rkFJwYoCbl.tatsu-text-block-wrap .tatsu-text-inner{width: 100%;text-align: left;}<\/style>\n<p class=\"my-2 &#091;&#038;+p&#093;:mt-4 &#091;&#038;_strong:has(+br)&#093;:inline-block &#091;&#038;_strong:has(+br)&#093;:pb-2\"><span style=\"font-size: 14pt; color: #000000;\">Losing a skilled employee is costly\u2014in terms of time, money, and effort. We analyze the factors that drive your top talent to leave and help you implement concrete strategies to boost engagement, satisfaction, and retention within your organization. <\/span><\/p>\n<p>\n<\/div><\/div><div  class=\"tatsu-module tatsu-divider-wrap  tatsu-S1UJvYjRZg   \"  ><style>.tatsu-S1UJvYjRZg .tatsu-divider{height: 1px;width: 100%;background: rgba(0,0,0,1);}.tatsu-S1UJvYjRZg.tatsu-divider-wrap{text-align: left;}<\/style><hr class=\"tatsu-divider\"\/><\/div><div  class=\"tatsu-module tatsu-text-block-wrap tatsu-HkwgzVVo-x  \"><div class=\"tatsu-text-inner tatsu-align-center  clearfix\" ><style>.tatsu-HkwgzVVo-x.tatsu-text-block-wrap .tatsu-text-inner{width: 100%;text-align: left;}.tatsu-HkwgzVVo-x.tatsu-text-block-wrap{margin: 0px 0px 0px 0px;}<\/style>\n<h2><span style=\"font-size: 24pt;\"><strong>Employer brand<\/strong><\/span><\/h2>\n<p>\n<\/div><\/div><div  class=\"tatsu-module tatsu-text-block-wrap tatsu-HyMvPYi0-x  \"><div class=\"tatsu-text-inner tatsu-align-center  clearfix\" ><style>.tatsu-HyMvPYi0-x.tatsu-text-block-wrap .tatsu-text-inner{width: 100%;text-align: left;}<\/style>\n<p class=\"my-2 &#091;&#038;+p&#093;:mt-4 &#091;&#038;_strong:has(+br)&#093;:inline-block &#091;&#038;_strong:has(+br)&#093;:pb-2\"><span style=\"font-size: 14pt; color: #000000;\">Votre r\u00e9putation en tant qu&#8217;employeur pr\u00e9c\u00e8de souvent vos affichages de poste. Nous vous aidons \u00e0 d\u00e9finir et \u00e0 mettre en valeur ce qui vous distingue \u2014 en travaillant sur votre proposition de valeur employeur (PVE), en r\u00e9visant vos outils de communication interne et en harmonisant vos manuels et politiques RH pour qu&#8217;ils refl\u00e8tent fid\u00e8lement votre culture et vos valeurs.  <\/span><\/p>\n<p>\n<\/div><\/div><\/div><\/div><div class = \"tatsu-column-bg-image-wrap\"><div class = \"tatsu-column-bg-image\" ><\/div><\/div><div class=\"tatsu-overlay tatsu-column-overlay tatsu-animate-none\" ><\/div><\/div><style>.tatsu-row > .tatsu-r1eovZV4j-e.tatsu-column{width: 61.6%;}.tatsu-r1eovZV4j-e.tatsu-column > .tatsu-column-inner > .tatsu-column-overlay{mix-blend-mode: normal;}.tatsu-r1eovZV4j-e > .tatsu-column-inner > .tatsu-top-divider{z-index: 9999;}.tatsu-r1eovZV4j-e > .tatsu-column-inner > .tatsu-bottom-divider{z-index: 9999;}.tatsu-r1eovZV4j-e > .tatsu-column-inner > .tatsu-left-divider{z-index: 9999;}.tatsu-r1eovZV4j-e > .tatsu-column-inner > .tatsu-right-divider{z-index: 9999;}@media only screen and (max-width:1377px) {.tatsu-row > .tatsu-r1eovZV4j-e.tatsu-column{width: 50%;}}@media only screen and (min-width:768px) and (max-width: 1024px) {.tatsu-row > .tatsu-r1eovZV4j-e.tatsu-column{width: 50%;}}@media only screen and (max-width: 767px) {.tatsu-row > .tatsu-r1eovZV4j-e.tatsu-column{width: 100%;}}<\/style><\/div><\/div><\/div><\/div><div class=\"tatsu-section-background-wrap\"><div class = \"tatsu-section-background\" ><\/div><\/div><div class=\"tatsu-overlay tatsu-section-overlay\"><\/div><style>.tatsu-SkWg4W4NiZl.tatsu-section{background-color: rgba(255,255,255,1);}.tatsu-SkWg4W4NiZl .tatsu-section-pad{padding: 90px 0px 90px 0px;}.tatsu-SkWg4W4NiZl .tatsu-section-offset-wrap{transform: translateY(-0px);}.tatsu-SkWg4W4NiZl > .tatsu-bottom-divider{z-index: 9999;}.tatsu-SkWg4W4NiZl > .tatsu-top-divider{z-index: 9999;}.tatsu-SkWg4W4NiZl .tatsu-section-overlay{mix-blend-mode: normal;}<\/style><\/div><div  class=\"tatsu-BJbqwMxeLZl tatsu-section  tatsu-bg-overlay   tatsu-clearfix\" data-title=\"\"  data-headerscheme=\"background--dark\"><div class='tatsu-section-pad clearfix' data-padding='{\"d\":\"90px 0px 90px 0px\"}' data-padding-top='90px'><div class=\"tatsu-row-wrap  tatsu-wrap tatsu-row-one-col tatsu-row-has-one-cols tatsu-medium-gutter tatsu-reg-cols  tatsu-clearfix tatsu-Byg5DMglLbg\" ><div  class=\"tatsu-row \" ><div  class=\"tatsu-column  tatsu-bg-overlay tatsu-one-col tatsu-column-image-none tatsu-column-effect-none  tatsu-BkqwMelLbl\"  data-parallax-speed=\"0\" style=\"\"><div class=\"tatsu-column-inner \" ><div class=\"tatsu-column-pad-wrap\"><div class=\"tatsu-column-pad\" ><div  class=\"tatsu-module tatsu-text-block-wrap tatsu-rkgvnlgUZg  \"><div class=\"tatsu-text-inner tatsu-align-center  clearfix\" ><style>.tatsu-rkgvnlgUZg.tatsu-text-block-wrap .tatsu-text-inner{width: 100%;text-align: left;}<\/style>\n<h2 style=\"text-align: center;\"><strong><span style=\"color: #ffffff;\">Need help<\/span><\/strong><\/h2>\n<p>\n<\/div><\/div><div  class=\"tatsu-module tatsu-text-block-wrap tatsu-ry_qhee8bl  \"><div class=\"tatsu-text-inner tatsu-align-center  clearfix\" ><style>.tatsu-ry_qhee8bl.tatsu-text-block-wrap .tatsu-text-inner{width: 100%;text-align: left;}<\/style>\n<p style=\"text-align: center;\"><span style=\"font-size: 14pt; color: #ffffff;\">Contact us and speak with one of our HR experts to discuss your needs in more detail.<\/span><\/p>\n<p>\n<\/div><\/div><div  class=\"tatsu-module tatsu-normal-button tatsu-button-wrap align-block block-center  tatsu-B1IIzoyKbl   \"><a class=\"tatsu-shortcode mediumbtn tatsu-button left-icon    bg-animation-none  \" href=\"https:\/\/riouxrh.ca\/contact\/\" style= \"\"  aria-label=\"\u00c9CHANGER AVEC NOUS\" data-gdpr-atts={} >\u00c9CHANGER AVEC NOUS<\/a><style>.tatsu-B1IIzoyKbl .tatsu-button{background-color: rgba(236,175,59,1);color: rgba(0,0,0,1) ;border-color: rgba(236,175,59,1); }.tatsu-B1IIzoyKbl .tatsu-button:hover{background-color: rgba(255,255,255,1);color: rgba(79,117,139,1) ;}<\/style><\/div><\/div><\/div><div class = \"tatsu-column-bg-image-wrap\"><div class = \"tatsu-column-bg-image\" ><\/div><\/div><div class=\"tatsu-overlay tatsu-column-overlay tatsu-animate-none\" ><\/div><\/div><style>.tatsu-row > .tatsu-BkqwMelLbl.tatsu-column{width: 100%;}.tatsu-BkqwMelLbl.tatsu-column > .tatsu-column-inner > .tatsu-column-overlay{mix-blend-mode: normal;}.tatsu-BkqwMelLbl > .tatsu-column-inner > .tatsu-top-divider{z-index: 9999;}.tatsu-BkqwMelLbl > .tatsu-column-inner > .tatsu-bottom-divider{z-index: 9999;}.tatsu-BkqwMelLbl > .tatsu-column-inner > .tatsu-left-divider{z-index: 9999;}.tatsu-BkqwMelLbl > .tatsu-column-inner > .tatsu-right-divider{z-index: 9999;}@media only screen and (max-width:1377px) {.tatsu-row > .tatsu-BkqwMelLbl.tatsu-column{width: 100%;}}@media only screen and (min-width:768px) and (max-width: 1024px) {.tatsu-row > .tatsu-BkqwMelLbl.tatsu-column{width: 100%;}}@media only screen and (max-width: 767px) {.tatsu-row > .tatsu-BkqwMelLbl.tatsu-column{width: 100%;}}<\/style><\/div><\/div><\/div><\/div><div class=\"tatsu-section-background-wrap\"><div class = \"tatsu-section-background\" ><\/div><\/div><div class=\"tatsu-overlay tatsu-section-overlay\"><\/div><style>.tatsu-BJbqwMxeLZl.tatsu-section{background-color: rgba(79,117,139,1);}.tatsu-BJbqwMxeLZl .tatsu-section-pad{padding: 90px 0px 90px 0px;}.tatsu-BJbqwMxeLZl .tatsu-section-offset-wrap{transform: translateY(-0px);}.tatsu-BJbqwMxeLZl > .tatsu-bottom-divider{z-index: 9999;}.tatsu-BJbqwMxeLZl > .tatsu-top-divider{z-index: 9999;}.tatsu-BJbqwMxeLZl .tatsu-section-overlay{mix-blend-mode: normal;}<\/style><\/div><div  class=\"tatsu-id5k0ii9fg5zn6ym tatsu-section  tatsu-bg-overlay   tatsu-clearfix\" data-title=\"\"  data-headerscheme=\"background--dark\"><div class='tatsu-section-pad clearfix' data-padding='{\"d\":\"15px 0px 90px 0px\"}' data-padding-top='15px'><div class=\"tatsu-row-wrap  tatsu-wrap tatsu-row-one-col tatsu-row-has-one-cols tatsu-medium-gutter tatsu-reg-cols  tatsu-clearfix tatsu-id5k0ii9gkeam4x6\" ><div  class=\"tatsu-row \" ><div  class=\"tatsu-column  tatsu-bg-overlay tatsu-one-col tatsu-column-image-none tatsu-column-effect-none  tatsu-id5k0ii9hlcynzsj\"  data-parallax-speed=\"0\" style=\"\"><div class=\"tatsu-column-inner \" ><div class=\"tatsu-column-pad-wrap\"><div class=\"tatsu-column-pad\" ><div  class=\"tatsu-module tatsu-text-block-wrap tatsu-id5k0ii9ik6e8s7o  \"><div class=\"tatsu-text-inner tatsu-align-center  clearfix\" ><style>.tatsu-id5k0ii9ik6e8s7o.tatsu-text-block-wrap .tatsu-text-inner{width: 100%;text-align: left;}<\/style>\n<p>\n<\/p>\n<p><\/p>\n<p>\n<\/div><\/div><\/div><\/div><div class = \"tatsu-column-bg-image-wrap\"><div class = \"tatsu-column-bg-image\" ><\/div><\/div><div class=\"tatsu-overlay tatsu-column-overlay tatsu-animate-none\" ><\/div><\/div><style>.tatsu-row > .tatsu-id5k0ii9hlcynzsj.tatsu-column{width: 100%;}.tatsu-id5k0ii9hlcynzsj.tatsu-column > .tatsu-column-inner > .tatsu-column-overlay{mix-blend-mode: normal;}.tatsu-id5k0ii9hlcynzsj > .tatsu-column-inner > .tatsu-top-divider{z-index: 9999;}.tatsu-id5k0ii9hlcynzsj > .tatsu-column-inner > .tatsu-bottom-divider{z-index: 9999;}.tatsu-id5k0ii9hlcynzsj > .tatsu-column-inner > .tatsu-left-divider{z-index: 9999;}.tatsu-id5k0ii9hlcynzsj > .tatsu-column-inner > .tatsu-right-divider{z-index: 9999;}<\/style><\/div><\/div><\/div><\/div><div class=\"tatsu-section-background-wrap\"><div class = \"tatsu-section-background\" ><\/div><\/div><div class=\"tatsu-overlay tatsu-section-overlay\"><\/div><style>.tatsu-id5k0ii9fg5zn6ym .tatsu-section-pad{padding: 15px 0px 90px 0px;}.tatsu-id5k0ii9fg5zn6ym > .tatsu-bottom-divider{z-index: 9999;}.tatsu-id5k0ii9fg5zn6ym > .tatsu-top-divider{z-index: 9999;}.tatsu-id5k0ii9fg5zn6ym .tatsu-section-overlay{mix-blend-mode: normal;}<\/style><\/div><div  class=\"tatsu-id5m268uyc15tdcf tatsu-section  tatsu-bg-overlay   tatsu-clearfix\" data-title=\"\"  data-headerscheme=\"background--dark\"><div class='tatsu-section-pad clearfix' data-padding='{\"d\":\"15px 0px 90px 0px\"}' data-padding-top='15px'><div class=\"tatsu-row-wrap  tatsu-wrap tatsu-row-one-col tatsu-row-has-one-cols tatsu-medium-gutter tatsu-reg-cols  tatsu-clearfix tatsu-id5m268uzj14fib8\" ><div  class=\"tatsu-row \" ><div  class=\"tatsu-column  tatsu-bg-overlay tatsu-one-col tatsu-column-image-none tatsu-column-effect-none  tatsu-id5m268v0jaz2rd1\"  data-parallax-speed=\"0\" style=\"\"><div class=\"tatsu-column-inner \" ><div class=\"tatsu-column-pad-wrap\"><div class=\"tatsu-column-pad\" ><div  class=\"tatsu-module tatsu-text-block-wrap tatsu-id5m268v1i2unry5  \"><div class=\"tatsu-text-inner tatsu-align-center  clearfix\" ><style>.tatsu-id5m268v1i2unry5.tatsu-text-block-wrap .tatsu-text-inner{width: 100%;text-align: left;}<\/style>\n<\/div><\/div><\/div><\/div><div class = \"tatsu-column-bg-image-wrap\"><div class = \"tatsu-column-bg-image\" ><\/div><\/div><div class=\"tatsu-overlay tatsu-column-overlay tatsu-animate-none\" ><\/div><\/div><style>.tatsu-row > .tatsu-id5m268v0jaz2rd1.tatsu-column{width: 100%;}.tatsu-id5m268v0jaz2rd1.tatsu-column > .tatsu-column-inner > .tatsu-column-overlay{mix-blend-mode: normal;}.tatsu-id5m268v0jaz2rd1 > .tatsu-column-inner > .tatsu-top-divider{z-index: 9999;}.tatsu-id5m268v0jaz2rd1 > .tatsu-column-inner > .tatsu-bottom-divider{z-index: 9999;}.tatsu-id5m268v0jaz2rd1 > .tatsu-column-inner > .tatsu-left-divider{z-index: 9999;}.tatsu-id5m268v0jaz2rd1 > .tatsu-column-inner > .tatsu-right-divider{z-index: 9999;}<\/style><\/div><\/div><\/div><\/div><div class=\"tatsu-section-background-wrap\"><div class = \"tatsu-section-background\" ><\/div><\/div><div class=\"tatsu-overlay tatsu-section-overlay\"><\/div><style>.tatsu-id5m268uyc15tdcf .tatsu-section-pad{padding: 15px 0px 90px 0px;}.tatsu-id5m268uyc15tdcf > .tatsu-bottom-divider{z-index: 9999;}.tatsu-id5m268uyc15tdcf > .tatsu-top-divider{z-index: 9999;}.tatsu-id5m268uyc15tdcf .tatsu-section-overlay{mix-blend-mode: normal;}<\/style><\/div>","protected":false},"excerpt":{"rendered":"<p><a href=\"https:\/\/riouxrh.ca\/en\/recruitment-talent-acquisition\/\" class=\"more-link style3-button\">Read More<\/a><\/p>","protected":false},"author":5,"featured_media":0,"parent":0,"menu_order":0,"comment_status":"closed","ping_status":"closed","template":"","meta":{"om_disable_all_campaigns":false,"_monsterinsights_skip_tracking":false,"_monsterinsights_sitenote_active":false,"_monsterinsights_sitenote_note":"","_monsterinsights_sitenote_category":0,"_uf_show_specific_survey":0,"_uf_disable_surveys":false,"footnotes":""},"class_list":["post-6720","page","type-page","status-publish","hentry"],"aioseo_notices":[],"_links":{"self":[{"href":"https:\/\/riouxrh.ca\/en\/wp-json\/wp\/v2\/pages\/6720","targetHints":{"allow":["GET"]}}],"collection":[{"href":"https:\/\/riouxrh.ca\/en\/wp-json\/wp\/v2\/pages"}],"about":[{"href":"https:\/\/riouxrh.ca\/en\/wp-json\/wp\/v2\/types\/page"}],"author":[{"embeddable":true,"href":"https:\/\/riouxrh.ca\/en\/wp-json\/wp\/v2\/users\/5"}],"replies":[{"embeddable":true,"href":"https:\/\/riouxrh.ca\/en\/wp-json\/wp\/v2\/comments?post=6720"}],"version-history":[{"count":3,"href":"https:\/\/riouxrh.ca\/en\/wp-json\/wp\/v2\/pages\/6720\/revisions"}],"predecessor-version":[{"id":6746,"href":"https:\/\/riouxrh.ca\/en\/wp-json\/wp\/v2\/pages\/6720\/revisions\/6746"}],"wp:attachment":[{"href":"https:\/\/riouxrh.ca\/en\/wp-json\/wp\/v2\/media?parent=6720"}],"curies":[{"name":"wp","href":"https:\/\/api.w.org\/{rel}","templated":true}]}}