

{"id":6734,"date":"2026-05-14T15:29:57","date_gmt":"2026-05-14T19:29:57","guid":{"rendered":"https:\/\/riouxrh.ca\/hr-compliance\/"},"modified":"2026-05-14T15:32:02","modified_gmt":"2026-05-14T19:32:02","slug":"hr-compliance","status":"publish","type":"page","link":"https:\/\/riouxrh.ca\/en\/hr-compliance\/","title":{"rendered":"HR compliance"},"content":{"rendered":"<div  class=\"tatsu-fqoynchppa7zqgf4 tatsu-section  tatsu-bg-overlay   tatsu-clearfix\" data-title=\"\"  data-headerscheme=\"background--dark\"><div class='tatsu-section-pad clearfix' data-padding='{\"d\":\"200px 0px 200px 0px\"}' data-padding-top='200px'><\/div><div class=\"tatsu-section-background-wrap\"><div class = \"tatsu-section-background\" ><\/div><\/div><div class=\"tatsu-overlay tatsu-section-overlay\"><\/div><style>.tatsu-fqoynchppa7zqgf4 .tatsu-section-background{background-image: url(https:\/\/riouxrh.ca\/wp-content\/uploads\/2023\/04\/RiouxRH_bureau-1.jpg);background-repeat: no-repeat;background-attachment: scroll;background-position: center center;background-size: cover;}.tatsu-fqoynchppa7zqgf4 .tatsu-bg-blur{background-repeat: no-repeat;background-attachment: scroll;background-position: center center;background-size: cover;}.tatsu-fqoynchppa7zqgf4 .tatsu-section-pad{padding: 200px 0px 200px 0px;}.tatsu-fqoynchppa7zqgf4 > .tatsu-bottom-divider{z-index: 9999;}.tatsu-fqoynchppa7zqgf4 > .tatsu-top-divider{z-index: 9999;}.tatsu-fqoynchppa7zqgf4 .tatsu-section-overlay{background: rgba(0,0,0,0);mix-blend-mode: normal;}@media only screen and (min-width:768px) and (max-width: 1024px) {.tatsu-fqoynchppa7zqgf4 .tatsu-section-background{background-position: center right;}.tatsu-fqoynchppa7zqgf4 .tatsu-bg-blur{background-position: center right;}}@media only screen and (max-width: 767px) {.tatsu-fqoynchppa7zqgf4 .tatsu-section-background{background-position: center right;}.tatsu-fqoynchppa7zqgf4 .tatsu-bg-blur{background-position: center right;}}<\/style><\/div><div  class=\"tatsu-HJWdWRgl8Zx tatsu-section  tatsu-bg-overlay   tatsu-clearfix\" data-title=\"\"  data-headerscheme=\"background--dark\"><div class='tatsu-section-pad clearfix' data-padding='{\"d\":\"90px 0px 52px 0px\"}' data-padding-top='90px'><div class=\"tatsu-row-wrap  tatsu-wrap tatsu-row-one-col tatsu-row-has-one-cols tatsu-medium-gutter tatsu-reg-cols  tatsu-clearfix tatsu-HkgdZRlxLZg\" ><div  class=\"tatsu-row \" ><div  class=\"tatsu-column  tatsu-bg-overlay tatsu-one-col tatsu-column-image-none tatsu-column-effect-none  tatsu-BJdbAllLbe\"  data-parallax-speed=\"0\" style=\"\"><div class=\"tatsu-column-inner \" ><div class=\"tatsu-column-pad-wrap\"><div class=\"tatsu-column-pad\" ><div  class=\"tatsu-module tatsu-text-block-wrap tatsu-BkqkF8_oZe  \"><div class=\"tatsu-text-inner tatsu-align-center  clearfix\" ><style>.tatsu-BkqkF8_oZe.tatsu-text-block-wrap .tatsu-text-inner{width: 100%;text-align: left;}<\/style>\n<h1 style=\"text-align: center;\"><span style=\"font-size: 36pt; color: #000000;\">HR compliance<\/span><\/h1>\n<\/div><\/div><div  class=\"tatsu-module tatsu-text-block-wrap tatsu-SycmGwujWe  \"><div class=\"tatsu-text-inner tatsu-align-center  clearfix\" ><style>.tatsu-SycmGwujWe.tatsu-text-block-wrap .tatsu-text-inner{width: 100%;text-align: left;}<\/style>\n<p style=\"text-align: center;\"><span style=\"font-size: 14pt; color: #000000;\">Naviguer dans les obligations l\u00e9gales RH peut rapidement devenir complexe. Gr\u00e2ce \u00e0 nos audits et \u00e0 notre expertise, nous vous accompagnons pour s\u00e9curiser vos pratiques pour rester en r\u00e8gle, en toute s\u00e9r\u00e9nit\u00e9.Nous vous aidons \u00e0 rep\u00e9rer les risques, \u00e0 assurer la conformit\u00e9 de votre organisation et former votre \u00e9quipe!<\/span><\/p>\n<\/div><\/div><div  class=\"tatsu-module tatsu-text-block-wrap tatsu-S1cbCxeI-x  \"><div class=\"tatsu-text-inner tatsu-align-center  clearfix\" ><style>.tatsu-S1cbCxeI-x.tatsu-text-block-wrap .tatsu-text-inner{width: 86%;text-align: left;}<\/style><\/div><\/div><\/div><\/div><div class = \"tatsu-column-bg-image-wrap\"><div class = \"tatsu-column-bg-image\" ><\/div><\/div><div class=\"tatsu-overlay tatsu-column-overlay tatsu-animate-none\" ><\/div><\/div><style>.tatsu-row > .tatsu-BJdbAllLbe.tatsu-column{width: 100%;}.tatsu-BJdbAllLbe.tatsu-column > .tatsu-column-inner > .tatsu-column-overlay{mix-blend-mode: normal;}.tatsu-BJdbAllLbe > .tatsu-column-inner > .tatsu-top-divider{z-index: 9999;}.tatsu-BJdbAllLbe > .tatsu-column-inner > .tatsu-bottom-divider{z-index: 9999;}.tatsu-BJdbAllLbe > .tatsu-column-inner > .tatsu-left-divider{z-index: 9999;}.tatsu-BJdbAllLbe > .tatsu-column-inner > .tatsu-right-divider{z-index: 9999;}@media only screen and (max-width:1377px) {.tatsu-row > .tatsu-BJdbAllLbe.tatsu-column{width: 100%;}}@media only screen and (min-width:768px) and (max-width: 1024px) {.tatsu-row > .tatsu-BJdbAllLbe.tatsu-column{width: 100%;}}@media only screen and (max-width: 767px) {.tatsu-row > .tatsu-BJdbAllLbe.tatsu-column{width: 100%;}}<\/style><\/div><\/div><\/div><\/div><div class=\"tatsu-section-background-wrap\"><div class = \"tatsu-section-background\" ><\/div><\/div><div class=\"tatsu-overlay tatsu-section-overlay\"><\/div><style>.tatsu-HJWdWRgl8Zx.tatsu-section{background-color: rgba(255,255,255,1);}.tatsu-HJWdWRgl8Zx .tatsu-section-pad{padding: 90px 0px 52px 0px;}.tatsu-HJWdWRgl8Zx .tatsu-section-offset-wrap{transform: translateY(-0px);}.tatsu-HJWdWRgl8Zx > .tatsu-bottom-divider{z-index: 9999;}.tatsu-HJWdWRgl8Zx > .tatsu-top-divider{z-index: 9999;}.tatsu-HJWdWRgl8Zx .tatsu-section-overlay{mix-blend-mode: normal;}<\/style><\/div><div  class=\"tatsu-SkWg4W4NiZl tatsu-section  tatsu-bg-overlay   tatsu-clearfix\" data-title=\"\"  data-headerscheme=\"background--dark\"><div class='tatsu-section-pad clearfix' data-padding='{\"d\":\"90px 0px 90px 0px\"}' data-padding-top='90px'><div class=\"tatsu-row-wrap  tatsu-wrap tatsu-row-has-one-half tatsu-row-has-two-cols tatsu-medium-gutter tatsu-reg-cols  tatsu-clearfix tatsu-H1lg4bENi-l\" ><div  class=\"tatsu-row \" ><div  class=\"tatsu-column  tatsu-bg-overlay tatsu-one-half tatsu-column-image-none tatsu-column-effect-none  tatsu-rJjv-4Eibg\"  data-parallax-speed=\"0\" style=\"\"><div class=\"tatsu-column-inner \" ><div class=\"tatsu-column-pad-wrap\"><div class=\"tatsu-column-pad\" ><div  class=\"tatsu-module tatsu-text-block-wrap tatsu-rJMFZVEoWx  \"><div class=\"tatsu-text-inner tatsu-align-center  clearfix\" ><style>.tatsu-rJMFZVEoWx.tatsu-text-block-wrap .tatsu-text-inner{width: 100%;text-align: left;}.tatsu-rJMFZVEoWx.tatsu-text-block-wrap{margin: 50px 0px 50px 0px;}.tatsu-rJMFZVEoWx.tatsu-text-block-wrap .tatsu-text-inner *{text-transform : none;line-height : 30px;letter-spacing : 0px;}<\/style>\n<p><span style=\"color: #000000;\"><span style=\"font-size: 32px;\">HR support<\/span><\/span><\/p>\n<\/div><\/div><div  class=\"tatsu-module tatsu-normal-button tatsu-button-wrap   tatsu-ryfPED_s-l   \"><a class=\"tatsu-shortcode mediumbtn tatsu-button left-icon    bg-animation-none  \" href=\"https:\/\/agence-riouxrh.zohobookings.com\/#\/agencerioux\" style= \"\"  aria-label=\"Parler avec un.e consultant.e\" data-gdpr-atts={} >Parler avec un.e consultant.e<\/a><style>.tatsu-ryfPED_s-l .tatsu-button{background-color: rgba(236,175,59,1);color: rgba(0,0,0,1) ;}.tatsu-ryfPED_s-l .tatsu-button:hover{background-color: rgba(79,117,139,1);color: rgba(255,255,255,1) ;}<\/style><\/div><\/div><\/div><div class = \"tatsu-column-bg-image-wrap\"><div class = \"tatsu-column-bg-image\" ><\/div><\/div><div class=\"tatsu-overlay tatsu-column-overlay tatsu-animate-none\" ><\/div><\/div><style>.tatsu-row > .tatsu-rJjv-4Eibg.tatsu-column{width: 38.4%;}.tatsu-rJjv-4Eibg.tatsu-column > .tatsu-column-inner > .tatsu-column-overlay{mix-blend-mode: normal;}.tatsu-rJjv-4Eibg > .tatsu-column-inner > .tatsu-top-divider{z-index: 9999;}.tatsu-rJjv-4Eibg > .tatsu-column-inner > .tatsu-bottom-divider{z-index: 9999;}.tatsu-rJjv-4Eibg > .tatsu-column-inner > .tatsu-left-divider{z-index: 9999;}.tatsu-rJjv-4Eibg > .tatsu-column-inner > .tatsu-right-divider{z-index: 9999;}@media only screen and (max-width:1377px) {.tatsu-row > .tatsu-rJjv-4Eibg.tatsu-column{width: 50%;}}@media only screen and (min-width:768px) and (max-width: 1024px) {.tatsu-row > .tatsu-rJjv-4Eibg.tatsu-column{width: 50%;}}@media only screen and (max-width: 767px) {.tatsu-row > .tatsu-rJjv-4Eibg.tatsu-column{width: 100%;}}<\/style><\/div><div  class=\"tatsu-column  tatsu-bg-overlay tatsu-one-half tatsu-column-image-none tatsu-column-effect-none  tatsu-r1eovZV4j-e\"  data-parallax-speed=\"0\" style=\"\"><div class=\"tatsu-column-inner \" ><div class=\"tatsu-column-pad-wrap\"><div class=\"tatsu-column-pad\" ><div  class=\"tatsu-module tatsu-text-block-wrap tatsu-HJiO-NNiZx  \"><div class=\"tatsu-text-inner tatsu-align-center  clearfix\" ><style>.tatsu-HJiO-NNiZx.tatsu-text-block-wrap .tatsu-text-inner{width: 100%;text-align: left;}.tatsu-HJiO-NNiZx.tatsu-text-block-wrap{margin: 0px 0px 0px 0px;}<\/style>\n<h2><strong><span style=\"font-size: 24pt;\">Employment contract<\/span><\/strong><\/h2>\n<\/div><\/div><div  class=\"tatsu-module tatsu-text-block-wrap tatsu-SJCTW4EjWl  \"><div class=\"tatsu-text-inner tatsu-align-center  clearfix\" ><style>.tatsu-SJCTW4EjWl.tatsu-text-block-wrap .tatsu-text-inner{width: 100%;text-align: left;}<\/style>\n<p><span style=\"color: #000000; font-size: 14pt;\">We draft and review your employment contracts in accordance with Quebec regulations to avoid any legal ambiguity.<\/span><\/p>\n<\/div><\/div><div  class=\"tatsu-module tatsu-divider-wrap  tatsu-HkD1vtsAbx   \"  ><style>.tatsu-HkD1vtsAbx .tatsu-divider{height: 1px;width: 100%;background: rgba(0,0,0,1);}.tatsu-HkD1vtsAbx.tatsu-divider-wrap{text-align: left;}<\/style><hr class=\"tatsu-divider\"\/><\/div><div  class=\"tatsu-module tatsu-text-block-wrap tatsu-rynjUKjAbg  \"><div class=\"tatsu-text-inner tatsu-align-center  clearfix\" ><style>.tatsu-rynjUKjAbg.tatsu-text-block-wrap .tatsu-text-inner{width: 100%;text-align: left;}.tatsu-rynjUKjAbg.tatsu-text-block-wrap{margin: 0px 0px 0px 0px;}<\/style>\n<h2><strong><span style=\"font-size: 24pt;\"><span style=\"color: #000000;\">HR Mandatory Policies<\/span><\/span><\/strong><\/h2>\n<\/div><\/div><div  class=\"tatsu-module tatsu-text-block-wrap tatsu-rkFJwYoCbl  \"><div class=\"tatsu-text-inner tatsu-align-center  clearfix\" ><style>.tatsu-rkFJwYoCbl.tatsu-text-block-wrap .tatsu-text-inner{width: 100%;text-align: left;}<\/style>\n<p class=\"my-2 &#091;&#038;+p&#093;:mt-4 &#091;&#038;_strong:has(+br)&#093;:inline-block &#091;&#038;_strong:has(+br)&#093;:pb-2\"><span style=\"color: #000000; font-size: 14pt;\">We update and\/or draft your internal policies required by labor regulations (health and safety policies, policies on psychological and sexual harassment, telework policies, etc.) to ensure they are clear, compliant, and effectively integrated into your day-to-day operations.<\/span><\/p>\n<\/div><\/div><div  class=\"tatsu-module tatsu-divider-wrap  tatsu-S1UJvYjRZg   \"  ><style>.tatsu-S1UJvYjRZg .tatsu-divider{height: 1px;width: 100%;background: rgba(0,0,0,1);}.tatsu-S1UJvYjRZg.tatsu-divider-wrap{text-align: left;}<\/style><hr class=\"tatsu-divider\"\/><\/div><div  class=\"tatsu-module tatsu-text-block-wrap tatsu-HkwgzVVo-x  \"><div class=\"tatsu-text-inner tatsu-align-center  clearfix\" ><style>.tatsu-HkwgzVVo-x.tatsu-text-block-wrap .tatsu-text-inner{width: 100%;text-align: left;}.tatsu-HkwgzVVo-x.tatsu-text-block-wrap{margin: 0px 0px 0px 0px;}<\/style>\n<h2><span style=\"font-size: 24pt;\"><strong>Disciplinary support<\/strong><\/span><\/h2>\n<\/div><\/div><div  class=\"tatsu-module tatsu-text-block-wrap tatsu-HyMvPYi0-x  \"><div class=\"tatsu-text-inner tatsu-align-center  clearfix\" ><style>.tatsu-HyMvPYi0-x.tatsu-text-block-wrap .tatsu-text-inner{width: 100%;text-align: left;}<\/style>\n<p class=\"my-2 &#091;&#038;+p&#093;:mt-4 &#091;&#038;_strong:has(+br)&#093;:inline-block &#091;&#038;_strong:has(+br)&#093;:pb-2\"><span style=\"font-size: 14pt; color: #000000;\">When a disciplinary situation arises, we guide you through every step of the process\u2014from a verbal warning to termination\u2014to ensure that you handle the matter in a structured, compliant, and well-documented manner, thereby minimizing the risk of legal action.<\/span><\/p>\n<\/div><\/div><div  class=\"tatsu-module tatsu-divider-wrap  tatsu-SkAOGN4oWe   \"  ><style>.tatsu-SkAOGN4oWe .tatsu-divider{height: 1px;width: 100%;background: rgba(0,0,0,1);}.tatsu-SkAOGN4oWe.tatsu-divider-wrap{text-align: left;}<\/style><hr class=\"tatsu-divider\"\/><\/div><div  class=\"tatsu-module tatsu-text-block-wrap tatsu-BJgs9iPQyMe  \"><div class=\"tatsu-text-inner tatsu-align-center  clearfix\" ><style>.tatsu-BJgs9iPQyMe.tatsu-text-block-wrap .tatsu-text-inner{width: 100%;text-align: left;}.tatsu-BJgs9iPQyMe.tatsu-text-block-wrap{margin: 0px 0px 11px 0px;}.tatsu-BJgs9iPQyMe.tatsu-text-block-wrap .tatsu-text-inner *{line-height : 30px;}<\/style>\n<h2><span style=\"font-size: 24pt;\"><strong>Assessment of Psychosocial Risks<br \/>and Act 27<\/strong><\/span><\/h2>\n<\/div><\/div><div  class=\"tatsu-module tatsu-text-block-wrap tatsu-HkyjsPmyMe  \"><div class=\"tatsu-text-inner tatsu-align-center  clearfix\" ><style>.tatsu-HkyjsPmyMe.tatsu-text-block-wrap .tatsu-text-inner{width: 100%;text-align: left;}<\/style>\n<p class=\"my-2 &#091;&#038;+p&#093;:mt-4 &#091;&#038;_strong:has(+br)&#093;:inline-block &#091;&#038;_strong:has(+br)&#093;:pb-2\"><span style=\"font-size: 14pt; color: #000000;\">We identify and analyze the risk factors specific to your workplace to prevent burnout, conflicts, and absenteeism\u2014before they take hold and become costly.<\/span><\/p>\n<\/div><\/div><div  class=\"tatsu-module tatsu-divider-wrap  tatsu-HkO5swXJGl   \"  ><style>.tatsu-HkO5swXJGl .tatsu-divider{height: 1px;width: 100%;background: rgba(0,0,0,1);}.tatsu-HkO5swXJGl.tatsu-divider-wrap{text-align: left;}<\/style><hr class=\"tatsu-divider\"\/><\/div><div  class=\"tatsu-module tatsu-text-block-wrap tatsu-BynLvYiAZx  \"><div class=\"tatsu-text-inner tatsu-align-center  clearfix\" ><style>.tatsu-BynLvYiAZx.tatsu-text-block-wrap .tatsu-text-inner{width: 100%;text-align: left;}.tatsu-BynLvYiAZx.tatsu-text-block-wrap{margin: 0px 0px 11px 0px;}.tatsu-BynLvYiAZx.tatsu-text-block-wrap .tatsu-text-inner *{line-height : 30px;}<\/style>\n<h2><span style=\"font-size: 24pt;\"><strong>Manuel employ\u00e9<\/strong><\/span><\/h2>\n<\/div><\/div><div  class=\"tatsu-module tatsu-text-block-wrap tatsu-B1TDf4Ni-g  \"><div class=\"tatsu-text-inner tatsu-align-center  clearfix\" ><style>.tatsu-B1TDf4Ni-g.tatsu-text-block-wrap .tatsu-text-inner{width: 100%;text-align: left;}<\/style>\n<p class=\"my-2 &#091;&#038;+p&#093;:mt-4 &#091;&#038;_strong:has(+br)&#093;:inline-block &#091;&#038;_strong:has(+br)&#093;:pb-2\"><span style=\"color: #000000;\"><span style=\"font-size: 18.6667px;\">We conduct an assessment of work-related risk factors within your organization to prevent burnout and promote a healthy work environment.<\/span><\/span><\/p>\n<\/div><\/div><\/div><\/div><div class = \"tatsu-column-bg-image-wrap\"><div class = \"tatsu-column-bg-image\" ><\/div><\/div><div class=\"tatsu-overlay tatsu-column-overlay tatsu-animate-none\" ><\/div><\/div><style>.tatsu-row > .tatsu-r1eovZV4j-e.tatsu-column{width: 61.6%;}.tatsu-r1eovZV4j-e.tatsu-column > .tatsu-column-inner > .tatsu-column-overlay{mix-blend-mode: normal;}.tatsu-r1eovZV4j-e > .tatsu-column-inner > .tatsu-top-divider{z-index: 9999;}.tatsu-r1eovZV4j-e > .tatsu-column-inner > .tatsu-bottom-divider{z-index: 9999;}.tatsu-r1eovZV4j-e > .tatsu-column-inner > .tatsu-left-divider{z-index: 9999;}.tatsu-r1eovZV4j-e > .tatsu-column-inner > .tatsu-right-divider{z-index: 9999;}@media only screen and (max-width:1377px) {.tatsu-row > .tatsu-r1eovZV4j-e.tatsu-column{width: 50%;}}@media only screen and (min-width:768px) and (max-width: 1024px) {.tatsu-row > .tatsu-r1eovZV4j-e.tatsu-column{width: 50%;}}@media only screen and (max-width: 767px) {.tatsu-row > .tatsu-r1eovZV4j-e.tatsu-column{width: 100%;}}<\/style><\/div><\/div><\/div><\/div><div class=\"tatsu-section-background-wrap\"><div class = \"tatsu-section-background\" ><\/div><\/div><div class=\"tatsu-overlay tatsu-section-overlay\"><\/div><style>.tatsu-SkWg4W4NiZl.tatsu-section{background-color: rgba(255,255,255,1);}.tatsu-SkWg4W4NiZl .tatsu-section-pad{padding: 90px 0px 90px 0px;}.tatsu-SkWg4W4NiZl .tatsu-section-offset-wrap{transform: translateY(-0px);}.tatsu-SkWg4W4NiZl > .tatsu-bottom-divider{z-index: 9999;}.tatsu-SkWg4W4NiZl > .tatsu-top-divider{z-index: 9999;}.tatsu-SkWg4W4NiZl .tatsu-section-overlay{mix-blend-mode: normal;}<\/style><\/div><div  class=\"tatsu-BJbqwMxeLZl tatsu-section  tatsu-bg-overlay   tatsu-clearfix\" data-title=\"\"  data-headerscheme=\"background--dark\"><div class='tatsu-section-pad clearfix' data-padding='{\"d\":\"90px 0px 90px 0px\"}' data-padding-top='90px'><div class=\"tatsu-row-wrap  tatsu-wrap tatsu-row-one-col tatsu-row-has-one-cols tatsu-medium-gutter tatsu-reg-cols  tatsu-clearfix tatsu-Byg5DMglLbg\" ><div  class=\"tatsu-row \" ><div  class=\"tatsu-column  tatsu-bg-overlay tatsu-one-col tatsu-column-image-none tatsu-column-effect-none  tatsu-BkqwMelLbl\"  data-parallax-speed=\"0\" style=\"\"><div class=\"tatsu-column-inner \" ><div class=\"tatsu-column-pad-wrap\"><div class=\"tatsu-column-pad\" ><div  class=\"tatsu-module tatsu-text-block-wrap tatsu-rkgvnlgUZg  \"><div class=\"tatsu-text-inner tatsu-align-center  clearfix\" ><style>.tatsu-rkgvnlgUZg.tatsu-text-block-wrap .tatsu-text-inner{width: 100%;text-align: left;}<\/style>\n<h2 style=\"text-align: center;\"><strong><span style=\"color: #ffffff;\">Need help<\/span><\/strong><\/h2>\n<\/div><\/div><div  class=\"tatsu-module tatsu-text-block-wrap tatsu-ry_qhee8bl  \"><div class=\"tatsu-text-inner tatsu-align-center  clearfix\" ><style>.tatsu-ry_qhee8bl.tatsu-text-block-wrap .tatsu-text-inner{width: 100%;text-align: left;}<\/style>\n<p style=\"text-align: center;\"><span style=\"font-size: 14pt; color: #ffffff;\">Contact us and speak with one of our HR experts to discuss your needs in more detail.<\/span><\/p>\n<\/div><\/div><div  class=\"tatsu-module tatsu-normal-button tatsu-button-wrap align-block block-center  tatsu-B1IIzoyKbl   \"><a class=\"tatsu-shortcode mediumbtn tatsu-button left-icon    bg-animation-none  \" href=\"https:\/\/riouxrh.ca\/contact\/\" style= \"\"  aria-label=\"\u00c9CHANGER AVEC NOUS\" data-gdpr-atts={} >\u00c9CHANGER AVEC NOUS<\/a><style>.tatsu-B1IIzoyKbl .tatsu-button{background-color: rgba(236,175,59,1);color: rgba(0,0,0,1) ;border-color: rgba(236,175,59,1); }.tatsu-B1IIzoyKbl .tatsu-button:hover{background-color: rgba(255,255,255,1);color: rgba(79,117,139,1) ;}<\/style><\/div><\/div><\/div><div class = \"tatsu-column-bg-image-wrap\"><div class = \"tatsu-column-bg-image\" ><\/div><\/div><div class=\"tatsu-overlay tatsu-column-overlay tatsu-animate-none\" ><\/div><\/div><style>.tatsu-row > .tatsu-BkqwMelLbl.tatsu-column{width: 100%;}.tatsu-BkqwMelLbl.tatsu-column > .tatsu-column-inner > .tatsu-column-overlay{mix-blend-mode: normal;}.tatsu-BkqwMelLbl > .tatsu-column-inner > .tatsu-top-divider{z-index: 9999;}.tatsu-BkqwMelLbl > .tatsu-column-inner > .tatsu-bottom-divider{z-index: 9999;}.tatsu-BkqwMelLbl > .tatsu-column-inner > .tatsu-left-divider{z-index: 9999;}.tatsu-BkqwMelLbl > .tatsu-column-inner > .tatsu-right-divider{z-index: 9999;}@media only screen and (max-width:1377px) {.tatsu-row > .tatsu-BkqwMelLbl.tatsu-column{width: 100%;}}@media only screen and (min-width:768px) and (max-width: 1024px) {.tatsu-row > .tatsu-BkqwMelLbl.tatsu-column{width: 100%;}}@media only screen and (max-width: 767px) {.tatsu-row > .tatsu-BkqwMelLbl.tatsu-column{width: 100%;}}<\/style><\/div><\/div><\/div><\/div><div class=\"tatsu-section-background-wrap\"><div class = \"tatsu-section-background\" ><\/div><\/div><div class=\"tatsu-overlay tatsu-section-overlay\"><\/div><style>.tatsu-BJbqwMxeLZl.tatsu-section{background-color: rgba(79,117,139,1);}.tatsu-BJbqwMxeLZl .tatsu-section-pad{padding: 90px 0px 90px 0px;}.tatsu-BJbqwMxeLZl .tatsu-section-offset-wrap{transform: translateY(-0px);}.tatsu-BJbqwMxeLZl > .tatsu-bottom-divider{z-index: 9999;}.tatsu-BJbqwMxeLZl > .tatsu-top-divider{z-index: 9999;}.tatsu-BJbqwMxeLZl .tatsu-section-overlay{mix-blend-mode: normal;}<\/style><\/div>\n","protected":false},"excerpt":{"rendered":"<p><a href=\"https:\/\/riouxrh.ca\/en\/hr-compliance\/\" class=\"more-link style3-button\">Read More<\/a><\/p>","protected":false},"author":5,"featured_media":0,"parent":0,"menu_order":0,"comment_status":"closed","ping_status":"closed","template":"","meta":{"om_disable_all_campaigns":false,"_monsterinsights_skip_tracking":false,"_monsterinsights_sitenote_active":false,"_monsterinsights_sitenote_note":"","_monsterinsights_sitenote_category":0,"_uf_show_specific_survey":0,"_uf_disable_surveys":false,"footnotes":""},"class_list":["post-6734","page","type-page","status-publish","hentry"],"aioseo_notices":[],"_links":{"self":[{"href":"https:\/\/riouxrh.ca\/en\/wp-json\/wp\/v2\/pages\/6734","targetHints":{"allow":["GET"]}}],"collection":[{"href":"https:\/\/riouxrh.ca\/en\/wp-json\/wp\/v2\/pages"}],"about":[{"href":"https:\/\/riouxrh.ca\/en\/wp-json\/wp\/v2\/types\/page"}],"author":[{"embeddable":true,"href":"https:\/\/riouxrh.ca\/en\/wp-json\/wp\/v2\/users\/5"}],"replies":[{"embeddable":true,"href":"https:\/\/riouxrh.ca\/en\/wp-json\/wp\/v2\/comments?post=6734"}],"version-history":[{"count":2,"href":"https:\/\/riouxrh.ca\/en\/wp-json\/wp\/v2\/pages\/6734\/revisions"}],"predecessor-version":[{"id":6744,"href":"https:\/\/riouxrh.ca\/en\/wp-json\/wp\/v2\/pages\/6734\/revisions\/6744"}],"wp:attachment":[{"href":"https:\/\/riouxrh.ca\/en\/wp-json\/wp\/v2\/media?parent=6734"}],"curies":[{"name":"wp","href":"https:\/\/api.w.org\/{rel}","templated":true}]}}